{"id":40,"date":"2019-10-03T19:25:11","date_gmt":"2019-10-03T17:25:11","guid":{"rendered":"http:\/\/tojekmek.pl\/cosen%20\/?page_id=40"},"modified":"2019-10-15T18:01:58","modified_gmt":"2019-10-15T16:01:58","slug":"finansowanie","status":"publish","type":"page","link":"https:\/\/tojekmek.pl\/cosen\/finansowanie\/","title":{"rendered":"Finansowanie"},"content":{"rendered":"<h2>Cosen Saws Polska przy wsp\u00f3\u0142pracy ze Smart Invest gwarantuje wysok\u0105 jako\u015b\u0107 przeprowadzonej transakcji.<\/h2>\n<p>Specjali\u015bci Smart Invest zadbaj\u0105 o bezpiecze\u0144stwo Pa\u0144stwa inwestycji, oszcz\u0119dno\u015b\u0107 czasu oraz redukcj\u0119 formalno\u015bci do minimum.<\/p>\n<p>Zapraszamy do wsp\u00f3\u0142pracy.<\/p>\n<p><a href=\"http:\/\/smart-invest.pl\" target=\"_blank\" rel=\"noopener noreferrer\">www.smart-invest.pl<\/a><\/p>\n","protected":false},"excerpt":{"rendered":"<p>Cosen Saws Polska przy wsp\u00f3\u0142pracy ze Smart Invest gwarantuje wysok\u0105 jako\u015b\u0107 przeprowadzonej transakcji. Specjali\u015bci Smart Invest zadbaj\u0105 o bezpiecze\u0144stwo Pa\u0144stwa inwestycji, oszcz\u0119dno\u015b\u0107 czasu oraz redukcj\u0119 formalno\u015bci do minimum. Zapraszamy do [&hellip;]<\/p>\n","protected":false},"author":1,"featured_media":159,"parent":0,"menu_order":0,"comment_status":"closed","ping_status":"closed","template":"","meta":[],"acf":[],"yoast_head":"<!-- This site is optimized with the Yoast SEO plugin v19.3 - https:\/\/yoast.com\/wordpress\/plugins\/seo\/ -->\n<title>Finansowanie - Cosen Poland<\/title>\n<meta name=\"robots\" content=\"noindex, follow, max-snippet:-1, max-image-preview:large, max-video-preview:-1\" \/>\n<meta property=\"og:locale\" content=\"pl_PL\" \/>\n<meta property=\"og:type\" content=\"article\" \/>\n<meta property=\"og:title\" content=\"Finansowanie - Cosen Poland\" \/>\n<meta property=\"og:description\" content=\"Cosen Saws Polska przy wsp\u00f3\u0142pracy ze Smart Invest gwarantuje wysok\u0105 jako\u015b\u0107 przeprowadzonej transakcji. Specjali\u015bci Smart Invest zadbaj\u0105 o bezpiecze\u0144stwo Pa\u0144stwa inwestycji, oszcz\u0119dno\u015b\u0107 czasu oraz redukcj\u0119 formalno\u015bci do minimum. Zapraszamy do [&hellip;]\" \/>\n<meta property=\"og:url\" content=\"https:\/\/tojekmek.pl\/cosen\/finansowanie\/\" \/>\n<meta property=\"og:site_name\" content=\"Cosen Poland\" \/>\n<meta property=\"article:modified_time\" content=\"2019-10-15T16:01:58+00:00\" \/>\n<meta property=\"og:image\" content=\"https:\/\/tojekmek.pl\/cosen\/wp-content\/uploads\/2019\/10\/foto_15.jpg\" \/>\n\t<meta property=\"og:image:width\" content=\"1920\" \/>\n\t<meta property=\"og:image:height\" content=\"903\" \/>\n\t<meta property=\"og:image:type\" content=\"image\/jpeg\" \/>\n<meta name=\"twitter:card\" content=\"summary_large_image\" \/>\n<script type=\"application\/ld+json\" class=\"yoast-schema-graph\">{\"@context\":\"https:\/\/schema.org\",\"@graph\":[{\"@type\":\"WebSite\",\"@id\":\"https:\/\/tojekmek.pl\/cosen\/#website\",\"url\":\"https:\/\/tojekmek.pl\/cosen\/\",\"name\":\"Cosen Poland\",\"description\":\"Przecinarki automatyczne\",\"potentialAction\":[{\"@type\":\"SearchAction\",\"target\":{\"@type\":\"EntryPoint\",\"urlTemplate\":\"https:\/\/tojekmek.pl\/cosen\/?s={search_term_string}\"},\"query-input\":\"required name=search_term_string\"}],\"inLanguage\":\"pl-PL\"},{\"@type\":\"ImageObject\",\"inLanguage\":\"pl-PL\",\"@id\":\"https:\/\/tojekmek.pl\/cosen\/finansowanie\/#primaryimage\",\"url\":\"https:\/\/tojekmek.pl\/cosen\/wp-content\/uploads\/2019\/10\/foto_15.jpg\",\"contentUrl\":\"https:\/\/tojekmek.pl\/cosen\/wp-content\/uploads\/2019\/10\/foto_15.jpg\",\"width\":1920,\"height\":903},{\"@type\":\"WebPage\",\"@id\":\"https:\/\/tojekmek.pl\/cosen\/finansowanie\/\",\"url\":\"https:\/\/tojekmek.pl\/cosen\/finansowanie\/\",\"name\":\"Finansowanie - Cosen Poland\",\"isPartOf\":{\"@id\":\"https:\/\/tojekmek.pl\/cosen\/#website\"},\"primaryImageOfPage\":{\"@id\":\"https:\/\/tojekmek.pl\/cosen\/finansowanie\/#primaryimage\"},\"datePublished\":\"2019-10-03T17:25:11+00:00\",\"dateModified\":\"2019-10-15T16:01:58+00:00\",\"breadcrumb\":{\"@id\":\"https:\/\/tojekmek.pl\/cosen\/finansowanie\/#breadcrumb\"},\"inLanguage\":\"pl-PL\",\"potentialAction\":[{\"@type\":\"ReadAction\",\"target\":[\"https:\/\/tojekmek.pl\/cosen\/finansowanie\/\"]}]},{\"@type\":\"BreadcrumbList\",\"@id\":\"https:\/\/tojekmek.pl\/cosen\/finansowanie\/#breadcrumb\",\"itemListElement\":[{\"@type\":\"ListItem\",\"position\":1,\"name\":\"Start\",\"item\":\"https:\/\/tojekmek.pl\/cosen\/\"},{\"@type\":\"ListItem\",\"position\":2,\"name\":\"Finansowanie\"}]}]}<\/script>\n<!-- \/ Yoast SEO plugin. -->","yoast_head_json":{"title":"Finansowanie - Cosen Poland","robots":{"index":"noindex","follow":"follow","max-snippet":"max-snippet:-1","max-image-preview":"max-image-preview:large","max-video-preview":"max-video-preview:-1"},"og_locale":"pl_PL","og_type":"article","og_title":"Finansowanie - Cosen Poland","og_description":"Cosen Saws Polska przy wsp\u00f3\u0142pracy ze Smart Invest gwarantuje wysok\u0105 jako\u015b\u0107 przeprowadzonej transakcji. Specjali\u015bci Smart Invest zadbaj\u0105 o bezpiecze\u0144stwo Pa\u0144stwa inwestycji, oszcz\u0119dno\u015b\u0107 czasu oraz redukcj\u0119 formalno\u015bci do minimum. Zapraszamy do [&hellip;]","og_url":"https:\/\/tojekmek.pl\/cosen\/finansowanie\/","og_site_name":"Cosen Poland","article_modified_time":"2019-10-15T16:01:58+00:00","og_image":[{"width":1920,"height":903,"url":"https:\/\/tojekmek.pl\/cosen\/wp-content\/uploads\/2019\/10\/foto_15.jpg","type":"image\/jpeg"}],"twitter_card":"summary_large_image","schema":{"@context":"https:\/\/schema.org","@graph":[{"@type":"WebSite","@id":"https:\/\/tojekmek.pl\/cosen\/#website","url":"https:\/\/tojekmek.pl\/cosen\/","name":"Cosen Poland","description":"Przecinarki automatyczne","potentialAction":[{"@type":"SearchAction","target":{"@type":"EntryPoint","urlTemplate":"https:\/\/tojekmek.pl\/cosen\/?s={search_term_string}"},"query-input":"required name=search_term_string"}],"inLanguage":"pl-PL"},{"@type":"ImageObject","inLanguage":"pl-PL","@id":"https:\/\/tojekmek.pl\/cosen\/finansowanie\/#primaryimage","url":"https:\/\/tojekmek.pl\/cosen\/wp-content\/uploads\/2019\/10\/foto_15.jpg","contentUrl":"https:\/\/tojekmek.pl\/cosen\/wp-content\/uploads\/2019\/10\/foto_15.jpg","width":1920,"height":903},{"@type":"WebPage","@id":"https:\/\/tojekmek.pl\/cosen\/finansowanie\/","url":"https:\/\/tojekmek.pl\/cosen\/finansowanie\/","name":"Finansowanie - Cosen Poland","isPartOf":{"@id":"https:\/\/tojekmek.pl\/cosen\/#website"},"primaryImageOfPage":{"@id":"https:\/\/tojekmek.pl\/cosen\/finansowanie\/#primaryimage"},"datePublished":"2019-10-03T17:25:11+00:00","dateModified":"2019-10-15T16:01:58+00:00","breadcrumb":{"@id":"https:\/\/tojekmek.pl\/cosen\/finansowanie\/#breadcrumb"},"inLanguage":"pl-PL","potentialAction":[{"@type":"ReadAction","target":["https:\/\/tojekmek.pl\/cosen\/finansowanie\/"]}]},{"@type":"BreadcrumbList","@id":"https:\/\/tojekmek.pl\/cosen\/finansowanie\/#breadcrumb","itemListElement":[{"@type":"ListItem","position":1,"name":"Start","item":"https:\/\/tojekmek.pl\/cosen\/"},{"@type":"ListItem","position":2,"name":"Finansowanie"}]}]}},"_links":{"self":[{"href":"https:\/\/tojekmek.pl\/cosen\/wp-json\/wp\/v2\/pages\/40"}],"collection":[{"href":"https:\/\/tojekmek.pl\/cosen\/wp-json\/wp\/v2\/pages"}],"about":[{"href":"https:\/\/tojekmek.pl\/cosen\/wp-json\/wp\/v2\/types\/page"}],"author":[{"embeddable":true,"href":"https:\/\/tojekmek.pl\/cosen\/wp-json\/wp\/v2\/users\/1"}],"replies":[{"embeddable":true,"href":"https:\/\/tojekmek.pl\/cosen\/wp-json\/wp\/v2\/comments?post=40"}],"version-history":[{"count":3,"href":"https:\/\/tojekmek.pl\/cosen\/wp-json\/wp\/v2\/pages\/40\/revisions"}],"predecessor-version":[{"id":56,"href":"https:\/\/tojekmek.pl\/cosen\/wp-json\/wp\/v2\/pages\/40\/revisions\/56"}],"wp:featuredmedia":[{"embeddable":true,"href":"https:\/\/tojekmek.pl\/cosen\/wp-json\/wp\/v2\/media\/159"}],"wp:attachment":[{"href":"https:\/\/tojekmek.pl\/cosen\/wp-json\/wp\/v2\/media?parent=40"}],"curies":[{"name":"wp","href":"https:\/\/api.w.org\/{rel}","templated":true}]}}