{"id":382,"date":"2019-10-15T12:34:42","date_gmt":"2019-10-15T10:34:42","guid":{"rendered":"http:\/\/tojekmek.pl\/cosen%20\/?page_id=382"},"modified":"2019-10-17T12:04:24","modified_gmt":"2019-10-17T10:04:24","slug":"av-2026-nc","status":"publish","type":"page","link":"https:\/\/tojekmek.pl\/cosen\/przecinarki-cosen\/pionowo-uchylne\/av-2026-nc\/","title":{"rendered":"AV 2026 NC"},"content":{"rendered":"<p><strong>Regulacja k\u0105ta w dwie strony<\/strong><\/p>\n","protected":false},"excerpt":{"rendered":"<p>Regulacja k\u0105ta w dwie strony<\/p>\n","protected":false},"author":1,"featured_media":0,"parent":249,"menu_order":1,"comment_status":"closed","ping_status":"closed","template":"template-przecinarka.php","meta":[],"acf":[],"yoast_head":"<!-- This site is optimized with the Yoast SEO plugin v19.3 - https:\/\/yoast.com\/wordpress\/plugins\/seo\/ -->\n<title>AV 2026 NC - Cosen Poland<\/title>\n<meta name=\"robots\" content=\"noindex, follow, max-snippet:-1, max-image-preview:large, max-video-preview:-1\" \/>\n<meta property=\"og:locale\" content=\"pl_PL\" \/>\n<meta property=\"og:type\" content=\"article\" \/>\n<meta property=\"og:title\" content=\"AV 2026 NC - Cosen Poland\" \/>\n<meta property=\"og:description\" content=\"Regulacja k\u0105ta w dwie strony\" \/>\n<meta property=\"og:url\" content=\"https:\/\/tojekmek.pl\/cosen\/przecinarki-cosen\/pionowo-uchylne\/av-2026-nc\/\" \/>\n<meta property=\"og:site_name\" content=\"Cosen Poland\" \/>\n<meta property=\"article:modified_time\" content=\"2019-10-17T10:04:24+00:00\" \/>\n<meta name=\"twitter:card\" content=\"summary_large_image\" \/>\n<script type=\"application\/ld+json\" class=\"yoast-schema-graph\">{\"@context\":\"https:\/\/schema.org\",\"@graph\":[{\"@type\":\"WebSite\",\"@id\":\"https:\/\/tojekmek.pl\/cosen\/#website\",\"url\":\"https:\/\/tojekmek.pl\/cosen\/\",\"name\":\"Cosen Poland\",\"description\":\"Przecinarki automatyczne\",\"potentialAction\":[{\"@type\":\"SearchAction\",\"target\":{\"@type\":\"EntryPoint\",\"urlTemplate\":\"https:\/\/tojekmek.pl\/cosen\/?s={search_term_string}\"},\"query-input\":\"required name=search_term_string\"}],\"inLanguage\":\"pl-PL\"},{\"@type\":\"WebPage\",\"@id\":\"https:\/\/tojekmek.pl\/cosen\/przecinarki-cosen\/pionowo-uchylne\/av-2026-nc\/\",\"url\":\"https:\/\/tojekmek.pl\/cosen\/przecinarki-cosen\/pionowo-uchylne\/av-2026-nc\/\",\"name\":\"AV 2026 NC - Cosen Poland\",\"isPartOf\":{\"@id\":\"https:\/\/tojekmek.pl\/cosen\/#website\"},\"datePublished\":\"2019-10-15T10:34:42+00:00\",\"dateModified\":\"2019-10-17T10:04:24+00:00\",\"breadcrumb\":{\"@id\":\"https:\/\/tojekmek.pl\/cosen\/przecinarki-cosen\/pionowo-uchylne\/av-2026-nc\/#breadcrumb\"},\"inLanguage\":\"pl-PL\",\"potentialAction\":[{\"@type\":\"ReadAction\",\"target\":[\"https:\/\/tojekmek.pl\/cosen\/przecinarki-cosen\/pionowo-uchylne\/av-2026-nc\/\"]}]},{\"@type\":\"BreadcrumbList\",\"@id\":\"https:\/\/tojekmek.pl\/cosen\/przecinarki-cosen\/pionowo-uchylne\/av-2026-nc\/#breadcrumb\",\"itemListElement\":[{\"@type\":\"ListItem\",\"position\":1,\"name\":\"Start\",\"item\":\"https:\/\/tojekmek.pl\/cosen\/\"},{\"@type\":\"ListItem\",\"position\":2,\"name\":\"Przecinarki Cosen\",\"item\":\"https:\/\/tojekmek.pl\/cosen\/przecinarki-cosen\/\"},{\"@type\":\"ListItem\",\"position\":3,\"name\":\"Przecinarki ta\u015bmowe automatyczne pionowo-uchylne do ci\u0119\u0107 k\u0105towych\",\"item\":\"https:\/\/tojekmek.pl\/cosen\/przecinarki-cosen\/pionowo-uchylne\/\"},{\"@type\":\"ListItem\",\"position\":4,\"name\":\"AV 2026 NC\"}]}]}<\/script>\n<!-- \/ Yoast SEO plugin. -->","yoast_head_json":{"title":"AV 2026 NC - Cosen Poland","robots":{"index":"noindex","follow":"follow","max-snippet":"max-snippet:-1","max-image-preview":"max-image-preview:large","max-video-preview":"max-video-preview:-1"},"og_locale":"pl_PL","og_type":"article","og_title":"AV 2026 NC - Cosen Poland","og_description":"Regulacja k\u0105ta w dwie strony","og_url":"https:\/\/tojekmek.pl\/cosen\/przecinarki-cosen\/pionowo-uchylne\/av-2026-nc\/","og_site_name":"Cosen Poland","article_modified_time":"2019-10-17T10:04:24+00:00","twitter_card":"summary_large_image","schema":{"@context":"https:\/\/schema.org","@graph":[{"@type":"WebSite","@id":"https:\/\/tojekmek.pl\/cosen\/#website","url":"https:\/\/tojekmek.pl\/cosen\/","name":"Cosen Poland","description":"Przecinarki automatyczne","potentialAction":[{"@type":"SearchAction","target":{"@type":"EntryPoint","urlTemplate":"https:\/\/tojekmek.pl\/cosen\/?s={search_term_string}"},"query-input":"required name=search_term_string"}],"inLanguage":"pl-PL"},{"@type":"WebPage","@id":"https:\/\/tojekmek.pl\/cosen\/przecinarki-cosen\/pionowo-uchylne\/av-2026-nc\/","url":"https:\/\/tojekmek.pl\/cosen\/przecinarki-cosen\/pionowo-uchylne\/av-2026-nc\/","name":"AV 2026 NC - Cosen Poland","isPartOf":{"@id":"https:\/\/tojekmek.pl\/cosen\/#website"},"datePublished":"2019-10-15T10:34:42+00:00","dateModified":"2019-10-17T10:04:24+00:00","breadcrumb":{"@id":"https:\/\/tojekmek.pl\/cosen\/przecinarki-cosen\/pionowo-uchylne\/av-2026-nc\/#breadcrumb"},"inLanguage":"pl-PL","potentialAction":[{"@type":"ReadAction","target":["https:\/\/tojekmek.pl\/cosen\/przecinarki-cosen\/pionowo-uchylne\/av-2026-nc\/"]}]},{"@type":"BreadcrumbList","@id":"https:\/\/tojekmek.pl\/cosen\/przecinarki-cosen\/pionowo-uchylne\/av-2026-nc\/#breadcrumb","itemListElement":[{"@type":"ListItem","position":1,"name":"Start","item":"https:\/\/tojekmek.pl\/cosen\/"},{"@type":"ListItem","position":2,"name":"Przecinarki Cosen","item":"https:\/\/tojekmek.pl\/cosen\/przecinarki-cosen\/"},{"@type":"ListItem","position":3,"name":"Przecinarki ta\u015bmowe automatyczne pionowo-uchylne do ci\u0119\u0107 k\u0105towych","item":"https:\/\/tojekmek.pl\/cosen\/przecinarki-cosen\/pionowo-uchylne\/"},{"@type":"ListItem","position":4,"name":"AV 2026 NC"}]}]}},"_links":{"self":[{"href":"https:\/\/tojekmek.pl\/cosen\/wp-json\/wp\/v2\/pages\/382"}],"collection":[{"href":"https:\/\/tojekmek.pl\/cosen\/wp-json\/wp\/v2\/pages"}],"about":[{"href":"https:\/\/tojekmek.pl\/cosen\/wp-json\/wp\/v2\/types\/page"}],"author":[{"embeddable":true,"href":"https:\/\/tojekmek.pl\/cosen\/wp-json\/wp\/v2\/users\/1"}],"replies":[{"embeddable":true,"href":"https:\/\/tojekmek.pl\/cosen\/wp-json\/wp\/v2\/comments?post=382"}],"version-history":[{"count":9,"href":"https:\/\/tojekmek.pl\/cosen\/wp-json\/wp\/v2\/pages\/382\/revisions"}],"predecessor-version":[{"id":490,"href":"https:\/\/tojekmek.pl\/cosen\/wp-json\/wp\/v2\/pages\/382\/revisions\/490"}],"up":[{"embeddable":true,"href":"https:\/\/tojekmek.pl\/cosen\/wp-json\/wp\/v2\/pages\/249"}],"wp:attachment":[{"href":"https:\/\/tojekmek.pl\/cosen\/wp-json\/wp\/v2\/media?parent=382"}],"curies":[{"name":"wp","href":"https:\/\/api.w.org\/{rel}","templated":true}]}}