{"id":36,"date":"2019-10-02T18:37:38","date_gmt":"2019-10-02T16:37:38","guid":{"rendered":"http:\/\/tojekmek.pl\/cosen \/?page_id=36"},"modified":"2019-10-11T07:01:28","modified_gmt":"2019-10-11T05:01:28","slug":"serwis","status":"publish","type":"page","link":"https:\/\/tojekmek.pl\/cosen\/serwis\/","title":{"rendered":"Serwis Cosen"},"content":{"rendered":"<h2>Ponad 80000 urz\u0105dze\u0144 sprzedanych na ca\u0142ym \u015bwiecie od 1976r zbudowa\u0142o mark\u0119 Cosen, nie tylko dzi\u0119ki dost\u0119pno\u015bci cz\u0119\u015bci oraz wykwalifikowanym serwisantom, ale r\u00f3wnie\u017c dzi\u0119ki niezawodno\u015bci maszyn.<\/h2>\n<p>Cosen zapewnia Pa\u0144stwu wsparcie naszego zespo\u0142u serwisowego oraz wykwalifikowanych serwis\u00f3w wsp\u00f3\u0142pracuj\u0105cych. Dzi\u0119ki temu, mog\u0105 Pa\u0144stwo liczy\u0107 na wykonanie prac serwisowych na terenie Pa\u0144stwa firmy, a w przypadku mniejszych usterek, wykwalifikowani konsultanci mog\u0105 pom\u00f3c rozwi\u0105za\u0107 problematyczne kwestie przez telefon. Cosen rozumie istotno\u015b\u0107 ci\u0105g\u0142ej gotowo\u015bci maszyny do pracy, dlatego udzielimy Pa\u0144stwu pe\u0142nego wsparcia, aby to zapewni\u0107. Naszym celem jest posiadaniem najlepszego wsparcia serwisowego w ca\u0142ej bran\u017cy. W przypadku pyta\u0144 lub w\u0105tpliwo\u015bci, zapraszamy do kontaktu. Cosen jest zawsze tam, gdzie Pa\u0144stwo nas potrzebuj\u0105.<\/p>\n<h2>Do Pa\u0144stwa dyspozycji jest polski, certyfikowany oddzia\u0142 serwisowy oraz specjali\u015bci pracuj\u0105cy w europejskiej Centrali w Venlo, Holandia.<\/h2>\n<p><a href=\"https:\/\/tojekmek.pl\/cosen \/wp-content\/uploads\/2019\/10\/foto_12.jpg\" class=\"media-img media-img\"><img loading=\"lazy\" class=\"alignnone size-full wp-image-146\" src=\"https:\/\/tojekmek.pl\/cosen \/wp-content\/uploads\/2019\/10\/foto_12.jpg\" alt=\"\" width=\"1920\" height=\"1281\" srcset=\"https:\/\/tojekmek.pl\/cosen\/wp-content\/uploads\/2019\/10\/foto_12.jpg 1920w, https:\/\/tojekmek.pl\/cosen\/wp-content\/uploads\/2019\/10\/foto_12-300x200.jpg 300w, https:\/\/tojekmek.pl\/cosen\/wp-content\/uploads\/2019\/10\/foto_12-768x512.jpg 768w, https:\/\/tojekmek.pl\/cosen\/wp-content\/uploads\/2019\/10\/foto_12-1024x683.jpg 1024w\" sizes=\"(max-width: 1920px) 100vw, 1920px\" \/><\/a><\/p>\n","protected":false},"excerpt":{"rendered":"<p>Ponad 80000 urz\u0105dze\u0144 sprzedanych na ca\u0142ym \u015bwiecie od 1976r zbudowa\u0142o mark\u0119 Cosen, nie tylko dzi\u0119ki dost\u0119pno\u015bci cz\u0119\u015bci oraz wykwalifikowanym serwisantom, ale r\u00f3wnie\u017c dzi\u0119ki niezawodno\u015bci maszyn. Cosen zapewnia Pa\u0144stwu wsparcie naszego [&hellip;]<\/p>\n","protected":false},"author":1,"featured_media":146,"parent":0,"menu_order":0,"comment_status":"closed","ping_status":"closed","template":"template-tekstowa.php","meta":[],"acf":[],"yoast_head":"<!-- This site is optimized with the Yoast SEO plugin v19.3 - https:\/\/yoast.com\/wordpress\/plugins\/seo\/ -->\n<title>Serwis Cosen - Cosen Poland<\/title>\n<meta name=\"robots\" content=\"noindex, follow, max-snippet:-1, max-image-preview:large, max-video-preview:-1\" \/>\n<meta property=\"og:locale\" content=\"pl_PL\" \/>\n<meta property=\"og:type\" content=\"article\" \/>\n<meta property=\"og:title\" content=\"Serwis Cosen - Cosen Poland\" \/>\n<meta property=\"og:description\" content=\"Ponad 80000 urz\u0105dze\u0144 sprzedanych na ca\u0142ym \u015bwiecie od 1976r zbudowa\u0142o mark\u0119 Cosen, nie tylko dzi\u0119ki dost\u0119pno\u015bci cz\u0119\u015bci oraz wykwalifikowanym serwisantom, ale r\u00f3wnie\u017c dzi\u0119ki niezawodno\u015bci maszyn. Cosen zapewnia Pa\u0144stwu wsparcie naszego [&hellip;]\" \/>\n<meta property=\"og:url\" content=\"https:\/\/tojekmek.pl\/cosen\/serwis\/\" \/>\n<meta property=\"og:site_name\" content=\"Cosen Poland\" \/>\n<meta property=\"article:modified_time\" content=\"2019-10-11T05:01:28+00:00\" \/>\n<meta property=\"og:image\" content=\"https:\/\/tojekmek.pl\/cosen\/wp-content\/uploads\/2019\/10\/foto_12.jpg\" \/>\n\t<meta property=\"og:image:width\" content=\"1920\" \/>\n\t<meta property=\"og:image:height\" content=\"1281\" \/>\n\t<meta property=\"og:image:type\" content=\"image\/jpeg\" \/>\n<meta name=\"twitter:card\" content=\"summary_large_image\" \/>\n<meta name=\"twitter:label1\" content=\"Szacowany czas czytania\" \/>\n\t<meta name=\"twitter:data1\" content=\"1 minuta\" \/>\n<script type=\"application\/ld+json\" class=\"yoast-schema-graph\">{\"@context\":\"https:\/\/schema.org\",\"@graph\":[{\"@type\":\"WebSite\",\"@id\":\"https:\/\/tojekmek.pl\/cosen\/#website\",\"url\":\"https:\/\/tojekmek.pl\/cosen\/\",\"name\":\"Cosen Poland\",\"description\":\"Przecinarki automatyczne\",\"potentialAction\":[{\"@type\":\"SearchAction\",\"target\":{\"@type\":\"EntryPoint\",\"urlTemplate\":\"https:\/\/tojekmek.pl\/cosen\/?s={search_term_string}\"},\"query-input\":\"required name=search_term_string\"}],\"inLanguage\":\"pl-PL\"},{\"@type\":\"ImageObject\",\"inLanguage\":\"pl-PL\",\"@id\":\"https:\/\/tojekmek.pl\/cosen\/serwis\/#primaryimage\",\"url\":\"https:\/\/tojekmek.pl\/cosen\/wp-content\/uploads\/2019\/10\/foto_12.jpg\",\"contentUrl\":\"https:\/\/tojekmek.pl\/cosen\/wp-content\/uploads\/2019\/10\/foto_12.jpg\",\"width\":1920,\"height\":1281},{\"@type\":\"WebPage\",\"@id\":\"https:\/\/tojekmek.pl\/cosen\/serwis\/\",\"url\":\"https:\/\/tojekmek.pl\/cosen\/serwis\/\",\"name\":\"Serwis Cosen - Cosen Poland\",\"isPartOf\":{\"@id\":\"https:\/\/tojekmek.pl\/cosen\/#website\"},\"primaryImageOfPage\":{\"@id\":\"https:\/\/tojekmek.pl\/cosen\/serwis\/#primaryimage\"},\"datePublished\":\"2019-10-02T16:37:38+00:00\",\"dateModified\":\"2019-10-11T05:01:28+00:00\",\"breadcrumb\":{\"@id\":\"https:\/\/tojekmek.pl\/cosen\/serwis\/#breadcrumb\"},\"inLanguage\":\"pl-PL\",\"potentialAction\":[{\"@type\":\"ReadAction\",\"target\":[\"https:\/\/tojekmek.pl\/cosen\/serwis\/\"]}]},{\"@type\":\"BreadcrumbList\",\"@id\":\"https:\/\/tojekmek.pl\/cosen\/serwis\/#breadcrumb\",\"itemListElement\":[{\"@type\":\"ListItem\",\"position\":1,\"name\":\"Start\",\"item\":\"https:\/\/tojekmek.pl\/cosen\/\"},{\"@type\":\"ListItem\",\"position\":2,\"name\":\"Serwis Cosen\"}]}]}<\/script>\n<!-- \/ Yoast SEO plugin. -->","yoast_head_json":{"title":"Serwis Cosen - Cosen Poland","robots":{"index":"noindex","follow":"follow","max-snippet":"max-snippet:-1","max-image-preview":"max-image-preview:large","max-video-preview":"max-video-preview:-1"},"og_locale":"pl_PL","og_type":"article","og_title":"Serwis Cosen - Cosen Poland","og_description":"Ponad 80000 urz\u0105dze\u0144 sprzedanych na ca\u0142ym \u015bwiecie od 1976r zbudowa\u0142o mark\u0119 Cosen, nie tylko dzi\u0119ki dost\u0119pno\u015bci cz\u0119\u015bci oraz wykwalifikowanym serwisantom, ale r\u00f3wnie\u017c dzi\u0119ki niezawodno\u015bci maszyn. Cosen zapewnia Pa\u0144stwu wsparcie naszego [&hellip;]","og_url":"https:\/\/tojekmek.pl\/cosen\/serwis\/","og_site_name":"Cosen Poland","article_modified_time":"2019-10-11T05:01:28+00:00","og_image":[{"width":1920,"height":1281,"url":"https:\/\/tojekmek.pl\/cosen\/wp-content\/uploads\/2019\/10\/foto_12.jpg","type":"image\/jpeg"}],"twitter_card":"summary_large_image","twitter_misc":{"Szacowany czas czytania":"1 minuta"},"schema":{"@context":"https:\/\/schema.org","@graph":[{"@type":"WebSite","@id":"https:\/\/tojekmek.pl\/cosen\/#website","url":"https:\/\/tojekmek.pl\/cosen\/","name":"Cosen Poland","description":"Przecinarki automatyczne","potentialAction":[{"@type":"SearchAction","target":{"@type":"EntryPoint","urlTemplate":"https:\/\/tojekmek.pl\/cosen\/?s={search_term_string}"},"query-input":"required name=search_term_string"}],"inLanguage":"pl-PL"},{"@type":"ImageObject","inLanguage":"pl-PL","@id":"https:\/\/tojekmek.pl\/cosen\/serwis\/#primaryimage","url":"https:\/\/tojekmek.pl\/cosen\/wp-content\/uploads\/2019\/10\/foto_12.jpg","contentUrl":"https:\/\/tojekmek.pl\/cosen\/wp-content\/uploads\/2019\/10\/foto_12.jpg","width":1920,"height":1281},{"@type":"WebPage","@id":"https:\/\/tojekmek.pl\/cosen\/serwis\/","url":"https:\/\/tojekmek.pl\/cosen\/serwis\/","name":"Serwis Cosen - Cosen Poland","isPartOf":{"@id":"https:\/\/tojekmek.pl\/cosen\/#website"},"primaryImageOfPage":{"@id":"https:\/\/tojekmek.pl\/cosen\/serwis\/#primaryimage"},"datePublished":"2019-10-02T16:37:38+00:00","dateModified":"2019-10-11T05:01:28+00:00","breadcrumb":{"@id":"https:\/\/tojekmek.pl\/cosen\/serwis\/#breadcrumb"},"inLanguage":"pl-PL","potentialAction":[{"@type":"ReadAction","target":["https:\/\/tojekmek.pl\/cosen\/serwis\/"]}]},{"@type":"BreadcrumbList","@id":"https:\/\/tojekmek.pl\/cosen\/serwis\/#breadcrumb","itemListElement":[{"@type":"ListItem","position":1,"name":"Start","item":"https:\/\/tojekmek.pl\/cosen\/"},{"@type":"ListItem","position":2,"name":"Serwis Cosen"}]}]}},"_links":{"self":[{"href":"https:\/\/tojekmek.pl\/cosen\/wp-json\/wp\/v2\/pages\/36"}],"collection":[{"href":"https:\/\/tojekmek.pl\/cosen\/wp-json\/wp\/v2\/pages"}],"about":[{"href":"https:\/\/tojekmek.pl\/cosen\/wp-json\/wp\/v2\/types\/page"}],"author":[{"embeddable":true,"href":"https:\/\/tojekmek.pl\/cosen\/wp-json\/wp\/v2\/users\/1"}],"replies":[{"embeddable":true,"href":"https:\/\/tojekmek.pl\/cosen\/wp-json\/wp\/v2\/comments?post=36"}],"version-history":[{"count":4,"href":"https:\/\/tojekmek.pl\/cosen\/wp-json\/wp\/v2\/pages\/36\/revisions"}],"predecessor-version":[{"id":244,"href":"https:\/\/tojekmek.pl\/cosen\/wp-json\/wp\/v2\/pages\/36\/revisions\/244"}],"wp:featuredmedia":[{"embeddable":true,"href":"https:\/\/tojekmek.pl\/cosen\/wp-json\/wp\/v2\/media\/146"}],"wp:attachment":[{"href":"https:\/\/tojekmek.pl\/cosen\/wp-json\/wp\/v2\/media?parent=36"}],"curies":[{"name":"wp","href":"https:\/\/api.w.org\/{rel}","templated":true}]}}