{"id":336,"date":"2019-10-15T12:06:06","date_gmt":"2019-10-15T10:06:06","guid":{"rendered":"http:\/\/tojekmek.pl\/cosen%20\/?page_id=336"},"modified":"2019-10-17T11:54:07","modified_gmt":"2019-10-17T09:54:07","slug":"c-510-mnc","status":"publish","type":"page","link":"https:\/\/tojekmek.pl\/cosen\/przecinarki-cosen\/ramienne\/c-510-mnc\/","title":{"rendered":"C-510 MNC"},"content":{"rendered":"<p><strong>Regulacja k\u0105ta w jedn\u0105 stron\u0119<\/strong><\/p>\n    <div class=\"pdfcontainer\">\n        <object class=\"pdfview\" data=\"https:\/\/tojekmek.pl\/cosen\/wp-content\/uploads\/2019\/10\/F-A-32-FLYER-C-510MNC-en-V2_compressed.pdf\" type=\"application\/pdf\"><\/object>\n        <a href=\"https:\/\/tojekmek.pl\/cosen\/wp-content\/uploads\/2019\/10\/F-A-32-FLYER-C-510MNC-en-V2_compressed.pdf\" class=\"button orange arrow pdfbutton\" download>Pobierz PDF<\/a>\n    <\/div>\n    \n","protected":false},"excerpt":{"rendered":"<p>Regulacja k\u0105ta w jedn\u0105 stron\u0119<\/p>\n","protected":false},"author":1,"featured_media":0,"parent":17,"menu_order":0,"comment_status":"closed","ping_status":"closed","template":"template-przecinarka.php","meta":[],"acf":[],"yoast_head":"<!-- This site is optimized with the Yoast SEO plugin v19.3 - https:\/\/yoast.com\/wordpress\/plugins\/seo\/ -->\n<title>C-510 MNC - Cosen Poland<\/title>\n<meta name=\"robots\" content=\"noindex, follow, max-snippet:-1, max-image-preview:large, max-video-preview:-1\" \/>\n<meta property=\"og:locale\" content=\"pl_PL\" \/>\n<meta property=\"og:type\" content=\"article\" \/>\n<meta property=\"og:title\" content=\"C-510 MNC - Cosen Poland\" \/>\n<meta property=\"og:description\" content=\"Regulacja k\u0105ta w jedn\u0105 stron\u0119\" \/>\n<meta property=\"og:url\" content=\"https:\/\/tojekmek.pl\/cosen\/przecinarki-cosen\/ramienne\/c-510-mnc\/\" \/>\n<meta property=\"og:site_name\" content=\"Cosen Poland\" \/>\n<meta property=\"article:modified_time\" content=\"2019-10-17T09:54:07+00:00\" \/>\n<meta name=\"twitter:card\" content=\"summary_large_image\" \/>\n<script type=\"application\/ld+json\" class=\"yoast-schema-graph\">{\"@context\":\"https:\/\/schema.org\",\"@graph\":[{\"@type\":\"WebSite\",\"@id\":\"https:\/\/tojekmek.pl\/cosen\/#website\",\"url\":\"https:\/\/tojekmek.pl\/cosen\/\",\"name\":\"Cosen Poland\",\"description\":\"Przecinarki automatyczne\",\"potentialAction\":[{\"@type\":\"SearchAction\",\"target\":{\"@type\":\"EntryPoint\",\"urlTemplate\":\"https:\/\/tojekmek.pl\/cosen\/?s={search_term_string}\"},\"query-input\":\"required name=search_term_string\"}],\"inLanguage\":\"pl-PL\"},{\"@type\":\"WebPage\",\"@id\":\"https:\/\/tojekmek.pl\/cosen\/przecinarki-cosen\/ramienne\/c-510-mnc\/\",\"url\":\"https:\/\/tojekmek.pl\/cosen\/przecinarki-cosen\/ramienne\/c-510-mnc\/\",\"name\":\"C-510 MNC - Cosen Poland\",\"isPartOf\":{\"@id\":\"https:\/\/tojekmek.pl\/cosen\/#website\"},\"datePublished\":\"2019-10-15T10:06:06+00:00\",\"dateModified\":\"2019-10-17T09:54:07+00:00\",\"breadcrumb\":{\"@id\":\"https:\/\/tojekmek.pl\/cosen\/przecinarki-cosen\/ramienne\/c-510-mnc\/#breadcrumb\"},\"inLanguage\":\"pl-PL\",\"potentialAction\":[{\"@type\":\"ReadAction\",\"target\":[\"https:\/\/tojekmek.pl\/cosen\/przecinarki-cosen\/ramienne\/c-510-mnc\/\"]}]},{\"@type\":\"BreadcrumbList\",\"@id\":\"https:\/\/tojekmek.pl\/cosen\/przecinarki-cosen\/ramienne\/c-510-mnc\/#breadcrumb\",\"itemListElement\":[{\"@type\":\"ListItem\",\"position\":1,\"name\":\"Start\",\"item\":\"https:\/\/tojekmek.pl\/cosen\/\"},{\"@type\":\"ListItem\",\"position\":2,\"name\":\"Przecinarki Cosen\",\"item\":\"https:\/\/tojekmek.pl\/cosen\/przecinarki-cosen\/\"},{\"@type\":\"ListItem\",\"position\":3,\"name\":\"Przecinarki ta\u015bmowe automatyczne ramienne\",\"item\":\"https:\/\/tojekmek.pl\/cosen\/przecinarki-cosen\/ramienne\/\"},{\"@type\":\"ListItem\",\"position\":4,\"name\":\"C-510 MNC\"}]}]}<\/script>\n<!-- \/ Yoast SEO plugin. -->","yoast_head_json":{"title":"C-510 MNC - Cosen Poland","robots":{"index":"noindex","follow":"follow","max-snippet":"max-snippet:-1","max-image-preview":"max-image-preview:large","max-video-preview":"max-video-preview:-1"},"og_locale":"pl_PL","og_type":"article","og_title":"C-510 MNC - Cosen Poland","og_description":"Regulacja k\u0105ta w jedn\u0105 stron\u0119","og_url":"https:\/\/tojekmek.pl\/cosen\/przecinarki-cosen\/ramienne\/c-510-mnc\/","og_site_name":"Cosen Poland","article_modified_time":"2019-10-17T09:54:07+00:00","twitter_card":"summary_large_image","schema":{"@context":"https:\/\/schema.org","@graph":[{"@type":"WebSite","@id":"https:\/\/tojekmek.pl\/cosen\/#website","url":"https:\/\/tojekmek.pl\/cosen\/","name":"Cosen Poland","description":"Przecinarki automatyczne","potentialAction":[{"@type":"SearchAction","target":{"@type":"EntryPoint","urlTemplate":"https:\/\/tojekmek.pl\/cosen\/?s={search_term_string}"},"query-input":"required name=search_term_string"}],"inLanguage":"pl-PL"},{"@type":"WebPage","@id":"https:\/\/tojekmek.pl\/cosen\/przecinarki-cosen\/ramienne\/c-510-mnc\/","url":"https:\/\/tojekmek.pl\/cosen\/przecinarki-cosen\/ramienne\/c-510-mnc\/","name":"C-510 MNC - Cosen Poland","isPartOf":{"@id":"https:\/\/tojekmek.pl\/cosen\/#website"},"datePublished":"2019-10-15T10:06:06+00:00","dateModified":"2019-10-17T09:54:07+00:00","breadcrumb":{"@id":"https:\/\/tojekmek.pl\/cosen\/przecinarki-cosen\/ramienne\/c-510-mnc\/#breadcrumb"},"inLanguage":"pl-PL","potentialAction":[{"@type":"ReadAction","target":["https:\/\/tojekmek.pl\/cosen\/przecinarki-cosen\/ramienne\/c-510-mnc\/"]}]},{"@type":"BreadcrumbList","@id":"https:\/\/tojekmek.pl\/cosen\/przecinarki-cosen\/ramienne\/c-510-mnc\/#breadcrumb","itemListElement":[{"@type":"ListItem","position":1,"name":"Start","item":"https:\/\/tojekmek.pl\/cosen\/"},{"@type":"ListItem","position":2,"name":"Przecinarki Cosen","item":"https:\/\/tojekmek.pl\/cosen\/przecinarki-cosen\/"},{"@type":"ListItem","position":3,"name":"Przecinarki ta\u015bmowe automatyczne ramienne","item":"https:\/\/tojekmek.pl\/cosen\/przecinarki-cosen\/ramienne\/"},{"@type":"ListItem","position":4,"name":"C-510 MNC"}]}]}},"_links":{"self":[{"href":"https:\/\/tojekmek.pl\/cosen\/wp-json\/wp\/v2\/pages\/336"}],"collection":[{"href":"https:\/\/tojekmek.pl\/cosen\/wp-json\/wp\/v2\/pages"}],"about":[{"href":"https:\/\/tojekmek.pl\/cosen\/wp-json\/wp\/v2\/types\/page"}],"author":[{"embeddable":true,"href":"https:\/\/tojekmek.pl\/cosen\/wp-json\/wp\/v2\/users\/1"}],"replies":[{"embeddable":true,"href":"https:\/\/tojekmek.pl\/cosen\/wp-json\/wp\/v2\/comments?post=336"}],"version-history":[{"count":5,"href":"https:\/\/tojekmek.pl\/cosen\/wp-json\/wp\/v2\/pages\/336\/revisions"}],"predecessor-version":[{"id":474,"href":"https:\/\/tojekmek.pl\/cosen\/wp-json\/wp\/v2\/pages\/336\/revisions\/474"}],"up":[{"embeddable":true,"href":"https:\/\/tojekmek.pl\/cosen\/wp-json\/wp\/v2\/pages\/17"}],"wp:attachment":[{"href":"https:\/\/tojekmek.pl\/cosen\/wp-json\/wp\/v2\/media?parent=336"}],"curies":[{"name":"wp","href":"https:\/\/api.w.org\/{rel}","templated":true}]}}