{"id":251,"date":"2019-10-15T10:54:12","date_gmt":"2019-10-15T08:54:12","guid":{"rendered":"http:\/\/tojekmek.pl\/cosen%20\/?page_id=251"},"modified":"2019-10-17T11:41:20","modified_gmt":"2019-10-17T09:41:20","slug":"przecinarki-tasmowe-strukturalne","status":"publish","type":"page","link":"https:\/\/tojekmek.pl\/cosen\/przecinarki-cosen\/przecinarki-tasmowe-strukturalne\/","title":{"rendered":"Przecinarki ta\u015bmowe strukturalne"},"content":{"rendered":"<h2>Przecinarki ta\u015bmowe strukturalne<\/h2>\n<p>Cosen Saws gwaratuje odpowiedni dob\u00f3r rolotok\u00f3w, dedykowanych do danej przecinarki ta\u015bmowej w zale\u017cno\u015bci od oczekiwa\u0144 Klienta. W naszej ofercie znajd\u0105 Pa\u0144stwo rolotoki podawcze i odbiorce. Ca\u0142o\u015b\u0107 mo\u017ce zosta\u0107 wyposa\u017cona w system pomiarowy oraz system nap\u0119du. Nasze systemy cechuje masywno\u015b\u0107, jako\u015b\u0107 wykonania oraz dobra relacja jako\u015bci do ceny.<\/p>\n<p><strong>Na potrzeby Klienta przygotujemy system MPS precyzyjnie odpowiadaj\u0105cy potrzebom Kontrahenta, np. linii produkcyjnej.<\/strong><\/p>\n","protected":false},"excerpt":{"rendered":"<p>Przecinarki ta\u015bmowe strukturalne Cosen Saws gwaratuje odpowiedni dob\u00f3r rolotok\u00f3w, dedykowanych do danej przecinarki ta\u015bmowej w zale\u017cno\u015bci od oczekiwa\u0144 Klienta. W naszej ofercie znajd\u0105 Pa\u0144stwo rolotoki podawcze i odbiorce. Ca\u0142o\u015b\u0107 mo\u017ce [&hellip;]<\/p>\n","protected":false},"author":1,"featured_media":0,"parent":15,"menu_order":6,"comment_status":"closed","ping_status":"closed","template":"template-przecinarki.php","meta":[],"acf":[],"yoast_head":"<!-- This site is optimized with the Yoast SEO plugin v19.3 - https:\/\/yoast.com\/wordpress\/plugins\/seo\/ -->\n<title>Przecinarki ta\u015bmowe strukturalne - Cosen Poland<\/title>\n<meta name=\"robots\" content=\"noindex, follow, max-snippet:-1, max-image-preview:large, max-video-preview:-1\" \/>\n<meta property=\"og:locale\" content=\"pl_PL\" \/>\n<meta property=\"og:type\" content=\"article\" \/>\n<meta property=\"og:title\" content=\"Przecinarki ta\u015bmowe strukturalne - Cosen Poland\" \/>\n<meta property=\"og:description\" content=\"Przecinarki ta\u015bmowe strukturalne Cosen Saws gwaratuje odpowiedni dob\u00f3r rolotok\u00f3w, dedykowanych do danej przecinarki ta\u015bmowej w zale\u017cno\u015bci od oczekiwa\u0144 Klienta. W naszej ofercie znajd\u0105 Pa\u0144stwo rolotoki podawcze i odbiorce. Ca\u0142o\u015b\u0107 mo\u017ce [&hellip;]\" \/>\n<meta property=\"og:url\" content=\"https:\/\/tojekmek.pl\/cosen\/przecinarki-cosen\/przecinarki-tasmowe-strukturalne\/\" \/>\n<meta property=\"og:site_name\" content=\"Cosen Poland\" \/>\n<meta property=\"article:modified_time\" content=\"2019-10-17T09:41:20+00:00\" \/>\n<meta name=\"twitter:card\" content=\"summary_large_image\" \/>\n<script type=\"application\/ld+json\" class=\"yoast-schema-graph\">{\"@context\":\"https:\/\/schema.org\",\"@graph\":[{\"@type\":\"WebSite\",\"@id\":\"https:\/\/tojekmek.pl\/cosen\/#website\",\"url\":\"https:\/\/tojekmek.pl\/cosen\/\",\"name\":\"Cosen Poland\",\"description\":\"Przecinarki automatyczne\",\"potentialAction\":[{\"@type\":\"SearchAction\",\"target\":{\"@type\":\"EntryPoint\",\"urlTemplate\":\"https:\/\/tojekmek.pl\/cosen\/?s={search_term_string}\"},\"query-input\":\"required name=search_term_string\"}],\"inLanguage\":\"pl-PL\"},{\"@type\":\"WebPage\",\"@id\":\"https:\/\/tojekmek.pl\/cosen\/przecinarki-cosen\/przecinarki-tasmowe-strukturalne\/\",\"url\":\"https:\/\/tojekmek.pl\/cosen\/przecinarki-cosen\/przecinarki-tasmowe-strukturalne\/\",\"name\":\"Przecinarki ta\u015bmowe strukturalne - Cosen Poland\",\"isPartOf\":{\"@id\":\"https:\/\/tojekmek.pl\/cosen\/#website\"},\"datePublished\":\"2019-10-15T08:54:12+00:00\",\"dateModified\":\"2019-10-17T09:41:20+00:00\",\"breadcrumb\":{\"@id\":\"https:\/\/tojekmek.pl\/cosen\/przecinarki-cosen\/przecinarki-tasmowe-strukturalne\/#breadcrumb\"},\"inLanguage\":\"pl-PL\",\"potentialAction\":[{\"@type\":\"ReadAction\",\"target\":[\"https:\/\/tojekmek.pl\/cosen\/przecinarki-cosen\/przecinarki-tasmowe-strukturalne\/\"]}]},{\"@type\":\"BreadcrumbList\",\"@id\":\"https:\/\/tojekmek.pl\/cosen\/przecinarki-cosen\/przecinarki-tasmowe-strukturalne\/#breadcrumb\",\"itemListElement\":[{\"@type\":\"ListItem\",\"position\":1,\"name\":\"Start\",\"item\":\"https:\/\/tojekmek.pl\/cosen\/\"},{\"@type\":\"ListItem\",\"position\":2,\"name\":\"Przecinarki Cosen\",\"item\":\"https:\/\/tojekmek.pl\/cosen\/przecinarki-cosen\/\"},{\"@type\":\"ListItem\",\"position\":3,\"name\":\"Przecinarki ta\u015bmowe strukturalne\"}]}]}<\/script>\n<!-- \/ Yoast SEO plugin. -->","yoast_head_json":{"title":"Przecinarki ta\u015bmowe strukturalne - Cosen Poland","robots":{"index":"noindex","follow":"follow","max-snippet":"max-snippet:-1","max-image-preview":"max-image-preview:large","max-video-preview":"max-video-preview:-1"},"og_locale":"pl_PL","og_type":"article","og_title":"Przecinarki ta\u015bmowe strukturalne - Cosen Poland","og_description":"Przecinarki ta\u015bmowe strukturalne Cosen Saws gwaratuje odpowiedni dob\u00f3r rolotok\u00f3w, dedykowanych do danej przecinarki ta\u015bmowej w zale\u017cno\u015bci od oczekiwa\u0144 Klienta. W naszej ofercie znajd\u0105 Pa\u0144stwo rolotoki podawcze i odbiorce. Ca\u0142o\u015b\u0107 mo\u017ce [&hellip;]","og_url":"https:\/\/tojekmek.pl\/cosen\/przecinarki-cosen\/przecinarki-tasmowe-strukturalne\/","og_site_name":"Cosen Poland","article_modified_time":"2019-10-17T09:41:20+00:00","twitter_card":"summary_large_image","schema":{"@context":"https:\/\/schema.org","@graph":[{"@type":"WebSite","@id":"https:\/\/tojekmek.pl\/cosen\/#website","url":"https:\/\/tojekmek.pl\/cosen\/","name":"Cosen Poland","description":"Przecinarki automatyczne","potentialAction":[{"@type":"SearchAction","target":{"@type":"EntryPoint","urlTemplate":"https:\/\/tojekmek.pl\/cosen\/?s={search_term_string}"},"query-input":"required name=search_term_string"}],"inLanguage":"pl-PL"},{"@type":"WebPage","@id":"https:\/\/tojekmek.pl\/cosen\/przecinarki-cosen\/przecinarki-tasmowe-strukturalne\/","url":"https:\/\/tojekmek.pl\/cosen\/przecinarki-cosen\/przecinarki-tasmowe-strukturalne\/","name":"Przecinarki ta\u015bmowe strukturalne - Cosen Poland","isPartOf":{"@id":"https:\/\/tojekmek.pl\/cosen\/#website"},"datePublished":"2019-10-15T08:54:12+00:00","dateModified":"2019-10-17T09:41:20+00:00","breadcrumb":{"@id":"https:\/\/tojekmek.pl\/cosen\/przecinarki-cosen\/przecinarki-tasmowe-strukturalne\/#breadcrumb"},"inLanguage":"pl-PL","potentialAction":[{"@type":"ReadAction","target":["https:\/\/tojekmek.pl\/cosen\/przecinarki-cosen\/przecinarki-tasmowe-strukturalne\/"]}]},{"@type":"BreadcrumbList","@id":"https:\/\/tojekmek.pl\/cosen\/przecinarki-cosen\/przecinarki-tasmowe-strukturalne\/#breadcrumb","itemListElement":[{"@type":"ListItem","position":1,"name":"Start","item":"https:\/\/tojekmek.pl\/cosen\/"},{"@type":"ListItem","position":2,"name":"Przecinarki Cosen","item":"https:\/\/tojekmek.pl\/cosen\/przecinarki-cosen\/"},{"@type":"ListItem","position":3,"name":"Przecinarki ta\u015bmowe strukturalne"}]}]}},"_links":{"self":[{"href":"https:\/\/tojekmek.pl\/cosen\/wp-json\/wp\/v2\/pages\/251"}],"collection":[{"href":"https:\/\/tojekmek.pl\/cosen\/wp-json\/wp\/v2\/pages"}],"about":[{"href":"https:\/\/tojekmek.pl\/cosen\/wp-json\/wp\/v2\/types\/page"}],"author":[{"embeddable":true,"href":"https:\/\/tojekmek.pl\/cosen\/wp-json\/wp\/v2\/users\/1"}],"replies":[{"embeddable":true,"href":"https:\/\/tojekmek.pl\/cosen\/wp-json\/wp\/v2\/comments?post=251"}],"version-history":[{"count":5,"href":"https:\/\/tojekmek.pl\/cosen\/wp-json\/wp\/v2\/pages\/251\/revisions"}],"predecessor-version":[{"id":452,"href":"https:\/\/tojekmek.pl\/cosen\/wp-json\/wp\/v2\/pages\/251\/revisions\/452"}],"up":[{"embeddable":true,"href":"https:\/\/tojekmek.pl\/cosen\/wp-json\/wp\/v2\/pages\/15"}],"wp:attachment":[{"href":"https:\/\/tojekmek.pl\/cosen\/wp-json\/wp\/v2\/media?parent=251"}],"curies":[{"name":"wp","href":"https:\/\/api.w.org\/{rel}","templated":true}]}}