{"id":21,"date":"2019-09-26T17:32:43","date_gmt":"2019-09-26T15:32:43","guid":{"rendered":"http:\/\/tojekmek.pl\/cosen%20\/?page_id=21"},"modified":"2019-10-15T17:58:37","modified_gmt":"2019-10-15T15:58:37","slug":"cosen-mps","status":"publish","type":"page","link":"https:\/\/tojekmek.pl\/cosen\/cosen-mps\/","title":{"rendered":"Cosen MPS"},"content":{"rendered":"<h2>Cosen Saws gwarantuje odpowiedni dob\u00f3r rolotok\u00f3w, dedykowanych do danej przecinarki ta\u015bmowej w zale\u017cno\u015bci od oczekiwa\u0144 Klienta.<\/h2>\n<p>W naszej ofercie znajd\u0105 Pa\u0144stwo rolotoki podawcze i odbiorce. Ca\u0142o\u015b\u0107 mo\u017ce zosta\u0107 wyposa\u017cona w system pomiarowy oraz system nap\u0119du.<\/p>\n<p>Nasze systemy cechuje masywno\u015b\u0107, jako\u015b\u0107 wykonania oraz dobra relacja jako\u015bci do ceny.<\/p>\n<p>Na potrzeby Klienta przygotujemy system MPS precyzyjnie odpowiadaj\u0105cy potrzebom Kontrahenta, np. linii produkcyjnej.<\/p>\n    <div class=\"pdfcontainer\">\n        <object class=\"pdfview\" data=\"https:\/\/tojekmek.pl\/cosen\/wp-content\/uploads\/2019\/10\/cosenmps.pdf\" type=\"application\/pdf\"><\/object>\n        <a href=\"https:\/\/tojekmek.pl\/cosen\/wp-content\/uploads\/2019\/10\/cosenmps.pdf\" class=\"button orange arrow pdfbutton\" download>Pobierz PDF<\/a>\n    <\/div>\n    \n","protected":false},"excerpt":{"rendered":"<p>Cosen Saws gwarantuje odpowiedni dob\u00f3r rolotok\u00f3w, dedykowanych do danej przecinarki ta\u015bmowej w zale\u017cno\u015bci od oczekiwa\u0144 Klienta. W naszej ofercie znajd\u0105 Pa\u0144stwo rolotoki podawcze i odbiorce. Ca\u0142o\u015b\u0107 mo\u017ce zosta\u0107 wyposa\u017cona w [&hellip;]<\/p>\n","protected":false},"author":1,"featured_media":144,"parent":0,"menu_order":0,"comment_status":"closed","ping_status":"closed","template":"template-tekstowa.php","meta":[],"acf":[],"yoast_head":"<!-- This site is optimized with the Yoast SEO plugin v19.3 - https:\/\/yoast.com\/wordpress\/plugins\/seo\/ -->\n<title>Cosen MPS - Cosen Poland<\/title>\n<meta name=\"robots\" content=\"noindex, follow, max-snippet:-1, max-image-preview:large, max-video-preview:-1\" \/>\n<meta property=\"og:locale\" content=\"pl_PL\" \/>\n<meta property=\"og:type\" content=\"article\" \/>\n<meta property=\"og:title\" content=\"Cosen MPS - Cosen Poland\" \/>\n<meta property=\"og:description\" content=\"Cosen Saws gwarantuje odpowiedni dob\u00f3r rolotok\u00f3w, dedykowanych do danej przecinarki ta\u015bmowej w zale\u017cno\u015bci od oczekiwa\u0144 Klienta. W naszej ofercie znajd\u0105 Pa\u0144stwo rolotoki podawcze i odbiorce. Ca\u0142o\u015b\u0107 mo\u017ce zosta\u0107 wyposa\u017cona w [&hellip;]\" \/>\n<meta property=\"og:url\" content=\"https:\/\/tojekmek.pl\/cosen\/cosen-mps\/\" \/>\n<meta property=\"og:site_name\" content=\"Cosen Poland\" \/>\n<meta property=\"article:modified_time\" content=\"2019-10-15T15:58:37+00:00\" \/>\n<meta property=\"og:image\" content=\"https:\/\/tojekmek.pl\/cosen\/wp-content\/uploads\/2019\/10\/foto_10.jpg\" \/>\n\t<meta property=\"og:image:width\" content=\"1920\" \/>\n\t<meta property=\"og:image:height\" content=\"1280\" \/>\n\t<meta property=\"og:image:type\" content=\"image\/jpeg\" \/>\n<meta name=\"twitter:card\" content=\"summary_large_image\" \/>\n<script type=\"application\/ld+json\" class=\"yoast-schema-graph\">{\"@context\":\"https:\/\/schema.org\",\"@graph\":[{\"@type\":\"WebSite\",\"@id\":\"https:\/\/tojekmek.pl\/cosen\/#website\",\"url\":\"https:\/\/tojekmek.pl\/cosen\/\",\"name\":\"Cosen Poland\",\"description\":\"Przecinarki automatyczne\",\"potentialAction\":[{\"@type\":\"SearchAction\",\"target\":{\"@type\":\"EntryPoint\",\"urlTemplate\":\"https:\/\/tojekmek.pl\/cosen\/?s={search_term_string}\"},\"query-input\":\"required name=search_term_string\"}],\"inLanguage\":\"pl-PL\"},{\"@type\":\"ImageObject\",\"inLanguage\":\"pl-PL\",\"@id\":\"https:\/\/tojekmek.pl\/cosen\/cosen-mps\/#primaryimage\",\"url\":\"https:\/\/tojekmek.pl\/cosen\/wp-content\/uploads\/2019\/10\/foto_10.jpg\",\"contentUrl\":\"https:\/\/tojekmek.pl\/cosen\/wp-content\/uploads\/2019\/10\/foto_10.jpg\",\"width\":1920,\"height\":1280},{\"@type\":\"WebPage\",\"@id\":\"https:\/\/tojekmek.pl\/cosen\/cosen-mps\/\",\"url\":\"https:\/\/tojekmek.pl\/cosen\/cosen-mps\/\",\"name\":\"Cosen MPS - Cosen Poland\",\"isPartOf\":{\"@id\":\"https:\/\/tojekmek.pl\/cosen\/#website\"},\"primaryImageOfPage\":{\"@id\":\"https:\/\/tojekmek.pl\/cosen\/cosen-mps\/#primaryimage\"},\"datePublished\":\"2019-09-26T15:32:43+00:00\",\"dateModified\":\"2019-10-15T15:58:37+00:00\",\"breadcrumb\":{\"@id\":\"https:\/\/tojekmek.pl\/cosen\/cosen-mps\/#breadcrumb\"},\"inLanguage\":\"pl-PL\",\"potentialAction\":[{\"@type\":\"ReadAction\",\"target\":[\"https:\/\/tojekmek.pl\/cosen\/cosen-mps\/\"]}]},{\"@type\":\"BreadcrumbList\",\"@id\":\"https:\/\/tojekmek.pl\/cosen\/cosen-mps\/#breadcrumb\",\"itemListElement\":[{\"@type\":\"ListItem\",\"position\":1,\"name\":\"Start\",\"item\":\"https:\/\/tojekmek.pl\/cosen\/\"},{\"@type\":\"ListItem\",\"position\":2,\"name\":\"Cosen MPS\"}]}]}<\/script>\n<!-- \/ Yoast SEO plugin. -->","yoast_head_json":{"title":"Cosen MPS - Cosen Poland","robots":{"index":"noindex","follow":"follow","max-snippet":"max-snippet:-1","max-image-preview":"max-image-preview:large","max-video-preview":"max-video-preview:-1"},"og_locale":"pl_PL","og_type":"article","og_title":"Cosen MPS - Cosen Poland","og_description":"Cosen Saws gwarantuje odpowiedni dob\u00f3r rolotok\u00f3w, dedykowanych do danej przecinarki ta\u015bmowej w zale\u017cno\u015bci od oczekiwa\u0144 Klienta. W naszej ofercie znajd\u0105 Pa\u0144stwo rolotoki podawcze i odbiorce. Ca\u0142o\u015b\u0107 mo\u017ce zosta\u0107 wyposa\u017cona w [&hellip;]","og_url":"https:\/\/tojekmek.pl\/cosen\/cosen-mps\/","og_site_name":"Cosen Poland","article_modified_time":"2019-10-15T15:58:37+00:00","og_image":[{"width":1920,"height":1280,"url":"https:\/\/tojekmek.pl\/cosen\/wp-content\/uploads\/2019\/10\/foto_10.jpg","type":"image\/jpeg"}],"twitter_card":"summary_large_image","schema":{"@context":"https:\/\/schema.org","@graph":[{"@type":"WebSite","@id":"https:\/\/tojekmek.pl\/cosen\/#website","url":"https:\/\/tojekmek.pl\/cosen\/","name":"Cosen Poland","description":"Przecinarki automatyczne","potentialAction":[{"@type":"SearchAction","target":{"@type":"EntryPoint","urlTemplate":"https:\/\/tojekmek.pl\/cosen\/?s={search_term_string}"},"query-input":"required name=search_term_string"}],"inLanguage":"pl-PL"},{"@type":"ImageObject","inLanguage":"pl-PL","@id":"https:\/\/tojekmek.pl\/cosen\/cosen-mps\/#primaryimage","url":"https:\/\/tojekmek.pl\/cosen\/wp-content\/uploads\/2019\/10\/foto_10.jpg","contentUrl":"https:\/\/tojekmek.pl\/cosen\/wp-content\/uploads\/2019\/10\/foto_10.jpg","width":1920,"height":1280},{"@type":"WebPage","@id":"https:\/\/tojekmek.pl\/cosen\/cosen-mps\/","url":"https:\/\/tojekmek.pl\/cosen\/cosen-mps\/","name":"Cosen MPS - Cosen Poland","isPartOf":{"@id":"https:\/\/tojekmek.pl\/cosen\/#website"},"primaryImageOfPage":{"@id":"https:\/\/tojekmek.pl\/cosen\/cosen-mps\/#primaryimage"},"datePublished":"2019-09-26T15:32:43+00:00","dateModified":"2019-10-15T15:58:37+00:00","breadcrumb":{"@id":"https:\/\/tojekmek.pl\/cosen\/cosen-mps\/#breadcrumb"},"inLanguage":"pl-PL","potentialAction":[{"@type":"ReadAction","target":["https:\/\/tojekmek.pl\/cosen\/cosen-mps\/"]}]},{"@type":"BreadcrumbList","@id":"https:\/\/tojekmek.pl\/cosen\/cosen-mps\/#breadcrumb","itemListElement":[{"@type":"ListItem","position":1,"name":"Start","item":"https:\/\/tojekmek.pl\/cosen\/"},{"@type":"ListItem","position":2,"name":"Cosen MPS"}]}]}},"_links":{"self":[{"href":"https:\/\/tojekmek.pl\/cosen\/wp-json\/wp\/v2\/pages\/21"}],"collection":[{"href":"https:\/\/tojekmek.pl\/cosen\/wp-json\/wp\/v2\/pages"}],"about":[{"href":"https:\/\/tojekmek.pl\/cosen\/wp-json\/wp\/v2\/types\/page"}],"author":[{"embeddable":true,"href":"https:\/\/tojekmek.pl\/cosen\/wp-json\/wp\/v2\/users\/1"}],"replies":[{"embeddable":true,"href":"https:\/\/tojekmek.pl\/cosen\/wp-json\/wp\/v2\/comments?post=21"}],"version-history":[{"count":7,"href":"https:\/\/tojekmek.pl\/cosen\/wp-json\/wp\/v2\/pages\/21\/revisions"}],"predecessor-version":[{"id":438,"href":"https:\/\/tojekmek.pl\/cosen\/wp-json\/wp\/v2\/pages\/21\/revisions\/438"}],"wp:featuredmedia":[{"embeddable":true,"href":"https:\/\/tojekmek.pl\/cosen\/wp-json\/wp\/v2\/media\/144"}],"wp:attachment":[{"href":"https:\/\/tojekmek.pl\/cosen\/wp-json\/wp\/v2\/media?parent=21"}],"curies":[{"name":"wp","href":"https:\/\/api.w.org\/{rel}","templated":true}]}}