{"id":13,"date":"2019-09-26T17:30:32","date_gmt":"2019-09-26T15:30:32","guid":{"rendered":"http:\/\/tojekmek.pl\/cosen \/?page_id=13"},"modified":"2019-10-07T07:38:20","modified_gmt":"2019-10-07T05:38:20","slug":"o-firmie","status":"publish","type":"page","link":"https:\/\/tojekmek.pl\/cosen\/o-firmie\/","title":{"rendered":"O firmie"},"content":{"rendered":"<h2>Firma Cosen, za\u0142o\u017cona w 1976 roku, a aktualnie zatrudniaj\u0105ca ponad 150 pracownik\u00f3w to jeden z wiod\u0105cych producent\u00f3w przecinarek ta\u015bmowych, posiadaj\u0105cych szerok\u0105 gam\u0119 produkt\u00f3w oraz \u015bwiatow\u0105 sie\u0107 sprzeda\u017cy w tym Cosen USA i Cosen Europe.<\/h2>\n<p>W ofercie znajduje si\u0119 ponad 140 modeli przecinarek do ci\u0119cia poziomego, pionowego oraz uko\u015bnego, NC oraz CNC. Urz\u0105dzenia dzia\u0142aj\u0105 w zakresie od 200 do 3200mm i mog\u0105 przecina\u0107 materia\u0142y od stali a\u017c do tytanu, chromu czy krzemu. Dzi\u0119ki swojej wszechstronno\u015bci, urz\u0105dzenia Cosen s\u0142u\u017c\u0105 wielu ga\u0142\u0119ziom przemys\u0142u takim jak transport, elektrownie wiatrowe, przemys\u0142 budowlany, samochodowy i wiele innych. W 2015 roku Cosen zosta\u0142 uznany przez Metal Center News w USA numerem jeden w bran\u017cy urz\u0105dze\u0144 do ci\u0119cia. W 2016 roku, Cosen zaprezentowa\u0142 jako pierwszy w bran\u017cy, aplikacj\u0119 do monitorowania i prognozowania wydajno\u015bci oraz sprawno\u015bci urz\u0105dze\u0144.<\/p>\n<p>W marcu 2017, w Taichung, otwarta zosta\u0142a nowa siedziba g\u0142\u00f3wna wraz z fabryk\u0105 maszyn. Cosen to jedyny producent urz\u0105dze\u0144 do ci\u0119cia na Tajwanie maj\u0105cy siedzib\u0119 w Narodowym Centrum Naukowym \u2013 jest to dow\u00f3d na nasze zaanga\u017cowanie w ci\u0105g\u0142y rozw\u00f3j produkt\u00f3w. Cosen jest r\u00f3wnie\u017c jedynym producentem z Tajwanu posiadaj\u0105cym oddzia\u0142y sprzeda\u017cy w Ameryce P\u00f3\u0142nocnej (od 1989), oraz w Europie (od 2013). Od samego pocz\u0105tku istnienia firmy, Cosen chce konkurowa\u0107 z najlepszymi na \u015bwiecie. Poprzez nieustanne podnoszenie oczekiwa\u0144 wobec samych siebie, oferujemy naszym partnerom znakomit\u0105 jako\u015b\u0107 ci\u0119cia w dobrej cenie, gwarantowan\u0105 trwa\u0142o\u015b\u0107 produktu oraz jako\u015b\u0107 urz\u0105dze\u0144 wyprodukowanych w 100% na Tajwanie.<\/p>\n","protected":false},"excerpt":{"rendered":"<p>Firma Cosen, za\u0142o\u017cona w 1976 roku, a aktualnie zatrudniaj\u0105ca ponad 150 pracownik\u00f3w to jeden z wiod\u0105cych producent\u00f3w przecinarek ta\u015bmowych, posiadaj\u0105cych szerok\u0105 gam\u0119 produkt\u00f3w oraz \u015bwiatow\u0105 sie\u0107 sprzeda\u017cy w tym Cosen [&hellip;]<\/p>\n","protected":false},"author":1,"featured_media":145,"parent":0,"menu_order":0,"comment_status":"closed","ping_status":"closed","template":"template-ofirmie.php","meta":[],"acf":[],"yoast_head":"<!-- This site is optimized with the Yoast SEO plugin v19.3 - https:\/\/yoast.com\/wordpress\/plugins\/seo\/ -->\n<title>O firmie - Cosen Poland<\/title>\n<meta name=\"robots\" content=\"noindex, follow, max-snippet:-1, max-image-preview:large, max-video-preview:-1\" \/>\n<meta property=\"og:locale\" content=\"pl_PL\" \/>\n<meta property=\"og:type\" content=\"article\" \/>\n<meta property=\"og:title\" content=\"O firmie - Cosen Poland\" \/>\n<meta property=\"og:description\" content=\"Firma Cosen, za\u0142o\u017cona w 1976 roku, a aktualnie zatrudniaj\u0105ca ponad 150 pracownik\u00f3w to jeden z wiod\u0105cych producent\u00f3w przecinarek ta\u015bmowych, posiadaj\u0105cych szerok\u0105 gam\u0119 produkt\u00f3w oraz \u015bwiatow\u0105 sie\u0107 sprzeda\u017cy w tym Cosen [&hellip;]\" \/>\n<meta property=\"og:url\" content=\"https:\/\/tojekmek.pl\/cosen\/o-firmie\/\" \/>\n<meta property=\"og:site_name\" content=\"Cosen Poland\" \/>\n<meta property=\"article:modified_time\" content=\"2019-10-07T05:38:20+00:00\" \/>\n<meta property=\"og:image\" content=\"https:\/\/tojekmek.pl\/cosen\/wp-content\/uploads\/2019\/10\/foto_11.jpg\" \/>\n\t<meta property=\"og:image:width\" content=\"1920\" \/>\n\t<meta property=\"og:image:height\" content=\"1280\" \/>\n\t<meta property=\"og:image:type\" content=\"image\/jpeg\" \/>\n<meta name=\"twitter:card\" content=\"summary_large_image\" \/>\n<meta name=\"twitter:label1\" content=\"Szacowany czas czytania\" \/>\n\t<meta name=\"twitter:data1\" content=\"1 minuta\" \/>\n<script type=\"application\/ld+json\" class=\"yoast-schema-graph\">{\"@context\":\"https:\/\/schema.org\",\"@graph\":[{\"@type\":\"WebSite\",\"@id\":\"https:\/\/tojekmek.pl\/cosen\/#website\",\"url\":\"https:\/\/tojekmek.pl\/cosen\/\",\"name\":\"Cosen Poland\",\"description\":\"Przecinarki automatyczne\",\"potentialAction\":[{\"@type\":\"SearchAction\",\"target\":{\"@type\":\"EntryPoint\",\"urlTemplate\":\"https:\/\/tojekmek.pl\/cosen\/?s={search_term_string}\"},\"query-input\":\"required name=search_term_string\"}],\"inLanguage\":\"pl-PL\"},{\"@type\":\"ImageObject\",\"inLanguage\":\"pl-PL\",\"@id\":\"https:\/\/tojekmek.pl\/cosen\/o-firmie\/#primaryimage\",\"url\":\"https:\/\/tojekmek.pl\/cosen\/wp-content\/uploads\/2019\/10\/foto_11.jpg\",\"contentUrl\":\"https:\/\/tojekmek.pl\/cosen\/wp-content\/uploads\/2019\/10\/foto_11.jpg\",\"width\":1920,\"height\":1280},{\"@type\":\"WebPage\",\"@id\":\"https:\/\/tojekmek.pl\/cosen\/o-firmie\/\",\"url\":\"https:\/\/tojekmek.pl\/cosen\/o-firmie\/\",\"name\":\"O firmie - Cosen Poland\",\"isPartOf\":{\"@id\":\"https:\/\/tojekmek.pl\/cosen\/#website\"},\"primaryImageOfPage\":{\"@id\":\"https:\/\/tojekmek.pl\/cosen\/o-firmie\/#primaryimage\"},\"datePublished\":\"2019-09-26T15:30:32+00:00\",\"dateModified\":\"2019-10-07T05:38:20+00:00\",\"breadcrumb\":{\"@id\":\"https:\/\/tojekmek.pl\/cosen\/o-firmie\/#breadcrumb\"},\"inLanguage\":\"pl-PL\",\"potentialAction\":[{\"@type\":\"ReadAction\",\"target\":[\"https:\/\/tojekmek.pl\/cosen\/o-firmie\/\"]}]},{\"@type\":\"BreadcrumbList\",\"@id\":\"https:\/\/tojekmek.pl\/cosen\/o-firmie\/#breadcrumb\",\"itemListElement\":[{\"@type\":\"ListItem\",\"position\":1,\"name\":\"Start\",\"item\":\"https:\/\/tojekmek.pl\/cosen\/\"},{\"@type\":\"ListItem\",\"position\":2,\"name\":\"O firmie\"}]}]}<\/script>\n<!-- \/ Yoast SEO plugin. -->","yoast_head_json":{"title":"O firmie - Cosen Poland","robots":{"index":"noindex","follow":"follow","max-snippet":"max-snippet:-1","max-image-preview":"max-image-preview:large","max-video-preview":"max-video-preview:-1"},"og_locale":"pl_PL","og_type":"article","og_title":"O firmie - Cosen Poland","og_description":"Firma Cosen, za\u0142o\u017cona w 1976 roku, a aktualnie zatrudniaj\u0105ca ponad 150 pracownik\u00f3w to jeden z wiod\u0105cych producent\u00f3w przecinarek ta\u015bmowych, posiadaj\u0105cych szerok\u0105 gam\u0119 produkt\u00f3w oraz \u015bwiatow\u0105 sie\u0107 sprzeda\u017cy w tym Cosen [&hellip;]","og_url":"https:\/\/tojekmek.pl\/cosen\/o-firmie\/","og_site_name":"Cosen Poland","article_modified_time":"2019-10-07T05:38:20+00:00","og_image":[{"width":1920,"height":1280,"url":"https:\/\/tojekmek.pl\/cosen\/wp-content\/uploads\/2019\/10\/foto_11.jpg","type":"image\/jpeg"}],"twitter_card":"summary_large_image","twitter_misc":{"Szacowany czas czytania":"1 minuta"},"schema":{"@context":"https:\/\/schema.org","@graph":[{"@type":"WebSite","@id":"https:\/\/tojekmek.pl\/cosen\/#website","url":"https:\/\/tojekmek.pl\/cosen\/","name":"Cosen Poland","description":"Przecinarki automatyczne","potentialAction":[{"@type":"SearchAction","target":{"@type":"EntryPoint","urlTemplate":"https:\/\/tojekmek.pl\/cosen\/?s={search_term_string}"},"query-input":"required name=search_term_string"}],"inLanguage":"pl-PL"},{"@type":"ImageObject","inLanguage":"pl-PL","@id":"https:\/\/tojekmek.pl\/cosen\/o-firmie\/#primaryimage","url":"https:\/\/tojekmek.pl\/cosen\/wp-content\/uploads\/2019\/10\/foto_11.jpg","contentUrl":"https:\/\/tojekmek.pl\/cosen\/wp-content\/uploads\/2019\/10\/foto_11.jpg","width":1920,"height":1280},{"@type":"WebPage","@id":"https:\/\/tojekmek.pl\/cosen\/o-firmie\/","url":"https:\/\/tojekmek.pl\/cosen\/o-firmie\/","name":"O firmie - Cosen Poland","isPartOf":{"@id":"https:\/\/tojekmek.pl\/cosen\/#website"},"primaryImageOfPage":{"@id":"https:\/\/tojekmek.pl\/cosen\/o-firmie\/#primaryimage"},"datePublished":"2019-09-26T15:30:32+00:00","dateModified":"2019-10-07T05:38:20+00:00","breadcrumb":{"@id":"https:\/\/tojekmek.pl\/cosen\/o-firmie\/#breadcrumb"},"inLanguage":"pl-PL","potentialAction":[{"@type":"ReadAction","target":["https:\/\/tojekmek.pl\/cosen\/o-firmie\/"]}]},{"@type":"BreadcrumbList","@id":"https:\/\/tojekmek.pl\/cosen\/o-firmie\/#breadcrumb","itemListElement":[{"@type":"ListItem","position":1,"name":"Start","item":"https:\/\/tojekmek.pl\/cosen\/"},{"@type":"ListItem","position":2,"name":"O firmie"}]}]}},"_links":{"self":[{"href":"https:\/\/tojekmek.pl\/cosen\/wp-json\/wp\/v2\/pages\/13"}],"collection":[{"href":"https:\/\/tojekmek.pl\/cosen\/wp-json\/wp\/v2\/pages"}],"about":[{"href":"https:\/\/tojekmek.pl\/cosen\/wp-json\/wp\/v2\/types\/page"}],"author":[{"embeddable":true,"href":"https:\/\/tojekmek.pl\/cosen\/wp-json\/wp\/v2\/users\/1"}],"replies":[{"embeddable":true,"href":"https:\/\/tojekmek.pl\/cosen\/wp-json\/wp\/v2\/comments?post=13"}],"version-history":[{"count":5,"href":"https:\/\/tojekmek.pl\/cosen\/wp-json\/wp\/v2\/pages\/13\/revisions"}],"predecessor-version":[{"id":236,"href":"https:\/\/tojekmek.pl\/cosen\/wp-json\/wp\/v2\/pages\/13\/revisions\/236"}],"wp:featuredmedia":[{"embeddable":true,"href":"https:\/\/tojekmek.pl\/cosen\/wp-json\/wp\/v2\/media\/145"}],"wp:attachment":[{"href":"https:\/\/tojekmek.pl\/cosen\/wp-json\/wp\/v2\/media?parent=13"}],"curies":[{"name":"wp","href":"https:\/\/api.w.org\/{rel}","templated":true}]}}